{"id":463,"date":"2013-10-18T11:53:41","date_gmt":"2013-10-18T10:53:41","guid":{"rendered":"http:\/\/umparkour.com\/web\/?page_id=463"},"modified":"2017-12-30T15:48:22","modified_gmt":"2017-12-30T14:48:22","slug":"que-es-umparkour","status":"publish","type":"page","link":"http:\/\/umparkour.com\/web\/que-es-umparkour\/","title":{"rendered":"\u00bfQU\u00c9 ES UMPARKOUR?"},"content":{"rendered":"<p>Umparkour nace en el a\u00f1o 2003 con el objetivo de dar informaci\u00f3n en espa\u00f1ol a la comunidad nacional que se estaba gestando en ese momento. Bebiendo de las fuentes originales en Francia, se cre\u00f3 la web para recopilar y traducir las listas de movimientos, la historia y dem\u00e1s informaci\u00f3n que exist\u00eda en ese momento sobre el Parkour.<\/p>\n<p>Con vocaci\u00f3n de dar voz y soporte a la comunidad, uno de los puntos fuertes, que hizo a la web ser referencia primero en Espa\u00f1a y despu\u00e9s en toda la comunidad hispanohablante mundial, fue el foro donde dar voz a las distintas opiniones de los traceurs que iban llegando al panorama, consultas sobre entrenamientos, movimientos, tutoriales&#8230; Un sitio donde mostrar lo que cada uno hac\u00eda con el \u00fanico fin de compartir el entrenamiento y visi\u00f3n personal con personas de otras comunidades y un archivo de traceurs donde poder localizar a practicantes alrededor de todo el pa\u00eds con los que quedar y conocer. Ya fuese en la misma ciudad o en otras a las que se viajase.<\/p>\n<p>Hoy, m\u00e1s de una d\u00e9cada despu\u00e9s, la web sigue on-line siguiendo con el mismo objetivo que el primer d\u00eda: Dar informaci\u00f3n, dar material de lectura y aprendizaje sobre el parkour, servir como orientaci\u00f3n para toda la gente que tenga una consulta y sobre todo, <strong>ayudar al desarrollo, difusi\u00f3n, reconocimiento y valor al parkour en Espa\u00f1a<\/strong> y por extensi\u00f3n a toda la comunidad hispanohablante.<\/p>\n<p>&nbsp;<\/p>\n<p><span style=\"color: #808080;\">Dani Sampayo|<strong>www.umparkour.com<\/strong><\/span><\/p>\n","protected":false},"excerpt":{"rendered":"<p>Umparkour nace en el a\u00f1o 2003 con el objetivo de dar informaci\u00f3n en espa\u00f1ol a la comunidad nacional que se estaba gestando en ese momento. Bebiendo de las fuentes originales en Francia, se cre\u00f3 la web para recopilar y traducir las listas de movimientos, la historia y dem\u00e1s informaci\u00f3n que exist\u00eda en ese momento sobre [&hellip;]<\/p>\n","protected":false},"author":1,"featured_media":0,"parent":0,"menu_order":0,"comment_status":"closed","ping_status":"closed","template":"","meta":{"footnotes":""},"class_list":["post-463","page","type-page","status-publish","hentry"],"_links":{"self":[{"href":"http:\/\/umparkour.com\/web\/wp-json\/wp\/v2\/pages\/463","targetHints":{"allow":["GET"]}}],"collection":[{"href":"http:\/\/umparkour.com\/web\/wp-json\/wp\/v2\/pages"}],"about":[{"href":"http:\/\/umparkour.com\/web\/wp-json\/wp\/v2\/types\/page"}],"author":[{"embeddable":true,"href":"http:\/\/umparkour.com\/web\/wp-json\/wp\/v2\/users\/1"}],"replies":[{"embeddable":true,"href":"http:\/\/umparkour.com\/web\/wp-json\/wp\/v2\/comments?post=463"}],"version-history":[{"count":7,"href":"http:\/\/umparkour.com\/web\/wp-json\/wp\/v2\/pages\/463\/revisions"}],"predecessor-version":[{"id":1517,"href":"http:\/\/umparkour.com\/web\/wp-json\/wp\/v2\/pages\/463\/revisions\/1517"}],"wp:attachment":[{"href":"http:\/\/umparkour.com\/web\/wp-json\/wp\/v2\/media?parent=463"}],"curies":[{"name":"wp","href":"https:\/\/api.w.org\/{rel}","templated":true}]}}