{"id":443,"date":"2013-10-17T14:43:52","date_gmt":"2013-10-17T12:43:52","guid":{"rendered":"http:\/\/umparkour.com\/web\/?page_id=443"},"modified":"2013-11-21T12:50:33","modified_gmt":"2013-11-21T11:50:33","slug":"videos-demostrativos","status":"publish","type":"page","link":"http:\/\/umparkour.com\/web\/movimientos\/videos-demostrativos\/","title":{"rendered":"V\u00eddeos demostrativos"},"content":{"rendered":"<p><strong>Pasavallas y lateral:<\/strong><br \/>\n<object width=\"425\" height=\"335\" classid=\"clsid:d27cdb6e-ae6d-11cf-96b8-444553540000\" codebase=\"http:\/\/download.macromedia.com\/pub\/shockwave\/cabs\/flash\/swflash.cab#version=6,0,40,0\"><param name=\"allowfullscreen\" value=\"true\" \/><param name=\"src\" value=\"http:\/\/www.dailymotion.com\/swf\/69m6W6uFasfNo9DXm\" \/><embed width=\"425\" height=\"335\" type=\"application\/x-shockwave-flash\" src=\"http:\/\/www.dailymotion.com\/swf\/69m6W6uFasfNo9DXm\" allowfullscreen=\"true\" \/><\/object><\/p>\n<p><strong>Gato, doble gato, gato pasavallas, gato brazo, gato precisi\u00f3n a un pie, y a dos:<\/strong><br \/>\n<object width=\"425\" height=\"335\" classid=\"clsid:d27cdb6e-ae6d-11cf-96b8-444553540000\" codebase=\"http:\/\/download.macromedia.com\/pub\/shockwave\/cabs\/flash\/swflash.cab#version=6,0,40,0\"><param name=\"allowfullscreen\" value=\"true\" \/><param name=\"src\" value=\"http:\/\/www.dailymotion.com\/swf\/6jtXGlmU3n3YR9DXJ\" \/><embed width=\"425\" height=\"335\" type=\"application\/x-shockwave-flash\" src=\"http:\/\/www.dailymotion.com\/swf\/6jtXGlmU3n3YR9DXJ\" allowfullscreen=\"true\" \/><\/object><\/p>\n<p><strong>Reverse:<\/strong><br \/>\n<object width=\"425\" height=\"335\" classid=\"clsid:d27cdb6e-ae6d-11cf-96b8-444553540000\" codebase=\"http:\/\/download.macromedia.com\/pub\/shockwave\/cabs\/flash\/swflash.cab#version=6,0,40,0\"><param name=\"allowfullscreen\" value=\"true\" \/><param name=\"src\" value=\"http:\/\/www.dailymotion.com\/swf\/1OkUvlmb3I3Jh9DWM\" \/><embed width=\"425\" height=\"335\" type=\"application\/x-shockwave-flash\" src=\"http:\/\/www.dailymotion.com\/swf\/1OkUvlmb3I3Jh9DWM\" allowfullscreen=\"true\" \/><\/object><\/p>\n<p><strong>Precisi\u00f3n en muro y en valla, distensi\u00f3n y salto de longitud:<\/strong><br \/>\n<object width=\"425\" height=\"335\" classid=\"clsid:d27cdb6e-ae6d-11cf-96b8-444553540000\" codebase=\"http:\/\/download.macromedia.com\/pub\/shockwave\/cabs\/flash\/swflash.cab#version=6,0,40,0\"><param name=\"allowfullscreen\" value=\"true\" \/><param name=\"src\" value=\"http:\/\/www.dailymotion.com\/swf\/qRmOPAO8Puojka5h0\" \/><embed width=\"425\" height=\"335\" type=\"application\/x-shockwave-flash\" src=\"http:\/\/www.dailymotion.com\/swf\/qRmOPAO8Puojka5h0\" allowfullscreen=\"true\" \/><\/object><\/p>\n<p><strong>Brazo a desnivel en contra, brazo a nivel, brazo a \u00e1rbol, brazo a columna y brazo a brazo:<\/strong><br \/>\n<object width=\"425\" height=\"335\" classid=\"clsid:d27cdb6e-ae6d-11cf-96b8-444553540000\" codebase=\"http:\/\/download.macromedia.com\/pub\/shockwave\/cabs\/flash\/swflash.cab#version=6,0,40,0\"><param name=\"allowfullscreen\" value=\"true\" \/><param name=\"src\" value=\"http:\/\/www.dailymotion.com\/swf\/4eFkkuC9dZrTb9E1i\" \/><embed width=\"425\" height=\"335\" type=\"application\/x-shockwave-flash\" src=\"http:\/\/www.dailymotion.com\/swf\/4eFkkuC9dZrTb9E1i\" allowfullscreen=\"true\" \/><\/object><\/p>\n<p><strong>Tic tac normal, a precisi\u00f3n, y a brazo:<\/strong><br \/>\n<object width=\"425\" height=\"335\" classid=\"clsid:d27cdb6e-ae6d-11cf-96b8-444553540000\" codebase=\"http:\/\/download.macromedia.com\/pub\/shockwave\/cabs\/flash\/swflash.cab#version=6,0,40,0\"><param name=\"allowfullscreen\" value=\"true\" \/><param name=\"src\" value=\"http:\/\/www.dailymotion.com\/swf\/2wuQkwwJp4rQJ9DSV\" \/><embed width=\"425\" height=\"335\" type=\"application\/x-shockwave-flash\" src=\"http:\/\/www.dailymotion.com\/swf\/2wuQkwwJp4rQJ9DSV\" allowfullscreen=\"true\" \/><\/object><\/p>\n<p><strong>Grimpeos, pasamurallas, grimpeo 360:<\/strong><br \/>\n<object width=\"425\" height=\"335\" classid=\"clsid:d27cdb6e-ae6d-11cf-96b8-444553540000\" codebase=\"http:\/\/download.macromedia.com\/pub\/shockwave\/cabs\/flash\/swflash.cab#version=6,0,40,0\"><param name=\"allowfullscreen\" value=\"true\" \/><param name=\"src\" value=\"http:\/\/www.dailymotion.com\/swf\/K7fMyf4CIfeXO9DW8\" \/><embed width=\"425\" height=\"335\" type=\"application\/x-shockwave-flash\" src=\"http:\/\/www.dailymotion.com\/swf\/K7fMyf4CIfeXO9DW8\" allowfullscreen=\"true\" \/><\/object><\/p>\n<p><strong>180 en valla y en muro:<\/strong><br \/>\n<object width=\"425\" height=\"335\" classid=\"clsid:d27cdb6e-ae6d-11cf-96b8-444553540000\" codebase=\"http:\/\/download.macromedia.com\/pub\/shockwave\/cabs\/flash\/swflash.cab#version=6,0,40,0\"><param name=\"allowfullscreen\" value=\"true\" \/><param name=\"src\" value=\"http:\/\/www.dailymotion.com\/swf\/5cgbAiodQKOL89DZi\" \/><embed width=\"425\" height=\"335\" type=\"application\/x-shockwave-flash\" src=\"http:\/\/www.dailymotion.com\/swf\/5cgbAiodQKOL89DZi\" allowfullscreen=\"true\" \/><\/object><\/p>\n<p><strong>Liberado, 180 + liberado y fondos sin carrera:<\/strong><br \/>\n<object width=\"425\" height=\"335\" classid=\"clsid:d27cdb6e-ae6d-11cf-96b8-444553540000\" codebase=\"http:\/\/download.macromedia.com\/pub\/shockwave\/cabs\/flash\/swflash.cab#version=6,0,40,0\"><param name=\"allowfullscreen\" value=\"true\" \/><param name=\"src\" value=\"http:\/\/www.dailymotion.com\/swf\/3UymwfukJz8BV9DXU\" \/><embed width=\"425\" height=\"335\" type=\"application\/x-shockwave-flash\" src=\"http:\/\/www.dailymotion.com\/swf\/3UymwfukJz8BV9DXU\" allowfullscreen=\"true\" \/><\/object><\/p>\n<p><strong>Rotaciones desde parado, salto en carrera y en fondo:<\/strong><br \/>\n<object width=\"425\" height=\"335\" classid=\"clsid:d27cdb6e-ae6d-11cf-96b8-444553540000\" codebase=\"http:\/\/download.macromedia.com\/pub\/shockwave\/cabs\/flash\/swflash.cab#version=6,0,40,0\"><param name=\"allowfullscreen\" value=\"true\" \/><param name=\"src\" value=\"http:\/\/www.dailymotion.com\/swf\/3pQ9ZUfR3ebCB9DWt\" \/><embed width=\"425\" height=\"335\" type=\"application\/x-shockwave-flash\" src=\"http:\/\/www.dailymotion.com\/swf\/3pQ9ZUfR3ebCB9DWt\" allowfullscreen=\"true\" \/><\/object><\/p>\n<p><strong>Balanceo, balanceo a balanceo, balanceo brazo y balanceo precisi\u00f3n:<\/strong><br \/>\n<object width=\"425\" height=\"335\" classid=\"clsid:d27cdb6e-ae6d-11cf-96b8-444553540000\" codebase=\"http:\/\/download.macromedia.com\/pub\/shockwave\/cabs\/flash\/swflash.cab#version=6,0,40,0\"><param name=\"allowfullscreen\" value=\"true\" \/><param name=\"src\" value=\"http:\/\/www.dailymotion.com\/swf\/44pKQphUxr7nJ9DYA\" \/><embed width=\"425\" height=\"335\" type=\"application\/x-shockwave-flash\" src=\"http:\/\/www.dailymotion.com\/swf\/44pKQphUxr7nJ9DYA\" allowfullscreen=\"true\" \/><\/object><\/p>\n<p><strong>Bajo de valla directo desde dos \u00e1ngulos:<\/strong><br \/>\n<object width=\"425\" height=\"335\" classid=\"clsid:d27cdb6e-ae6d-11cf-96b8-444553540000\" codebase=\"http:\/\/download.macromedia.com\/pub\/shockwave\/cabs\/flash\/swflash.cab#version=6,0,40,0\"><param name=\"allowfullscreen\" value=\"true\" \/><param name=\"src\" value=\"http:\/\/www.dailymotion.com\/swf\/6avEtvLpV4vdg9DYS\" \/><embed width=\"425\" height=\"335\" type=\"application\/x-shockwave-flash\" src=\"http:\/\/www.dailymotion.com\/swf\/6avEtvLpV4vdg9DYS\" allowfullscreen=\"true\" \/><\/object><\/p>\n<p><strong>Equilibrio en valla de pie y en cuadr\u00fapedo:<\/strong><br \/>\n<object width=\"425\" height=\"335\" classid=\"clsid:d27cdb6e-ae6d-11cf-96b8-444553540000\" codebase=\"http:\/\/download.macromedia.com\/pub\/shockwave\/cabs\/flash\/swflash.cab#version=6,0,40,0\"><param name=\"allowfullscreen\" value=\"true\" \/><param name=\"src\" value=\"http:\/\/www.dailymotion.com\/swf\/2WOxT6eOZ1yHC9DY6\" \/><embed width=\"425\" height=\"335\" type=\"application\/x-shockwave-flash\" src=\"http:\/\/www.dailymotion.com\/swf\/2WOxT6eOZ1yHC9DY6\" allowfullscreen=\"true\" \/><\/object><\/p>\n<p><strong>360 normal, en valla y vertical:<\/strong><br \/>\n<object width=\"425\" height=\"335\" classid=\"clsid:d27cdb6e-ae6d-11cf-96b8-444553540000\" codebase=\"http:\/\/download.macromedia.com\/pub\/shockwave\/cabs\/flash\/swflash.cab#version=6,0,40,0\"><param name=\"allowfullscreen\" value=\"true\" \/><param name=\"src\" value=\"http:\/\/www.dailymotion.com\/swf\/UCFcXULSOJtiO9DZ9\" \/><embed width=\"425\" height=\"335\" type=\"application\/x-shockwave-flash\" src=\"http:\/\/www.dailymotion.com\/swf\/UCFcXULSOJtiO9DZ9\" allowfullscreen=\"true\" \/><\/object><\/p>\n<p><span style=\"color: #808000;\"><em>Estos son solo algunos ejemplos de las muchisimas variantes que podeis encontrar de cada movimiento, as\u00ed como combinaciones entre ellos.<\/em><\/span><\/p>\n","protected":false},"excerpt":{"rendered":"<p>Pasavallas y lateral: Gato, doble gato, gato pasavallas, gato brazo, gato precisi\u00f3n a un pie, y a dos: Reverse: Precisi\u00f3n en muro y en valla, distensi\u00f3n y salto de longitud: Brazo a desnivel en contra, brazo a nivel, brazo a \u00e1rbol, brazo a columna y brazo a brazo: Tic tac normal, a precisi\u00f3n, y a [&hellip;]<\/p>\n","protected":false},"author":1,"featured_media":0,"parent":372,"menu_order":0,"comment_status":"closed","ping_status":"closed","template":"","meta":{"footnotes":""},"class_list":["post-443","page","type-page","status-publish","hentry"],"_links":{"self":[{"href":"http:\/\/umparkour.com\/web\/wp-json\/wp\/v2\/pages\/443","targetHints":{"allow":["GET"]}}],"collection":[{"href":"http:\/\/umparkour.com\/web\/wp-json\/wp\/v2\/pages"}],"about":[{"href":"http:\/\/umparkour.com\/web\/wp-json\/wp\/v2\/types\/page"}],"author":[{"embeddable":true,"href":"http:\/\/umparkour.com\/web\/wp-json\/wp\/v2\/users\/1"}],"replies":[{"embeddable":true,"href":"http:\/\/umparkour.com\/web\/wp-json\/wp\/v2\/comments?post=443"}],"version-history":[{"count":2,"href":"http:\/\/umparkour.com\/web\/wp-json\/wp\/v2\/pages\/443\/revisions"}],"predecessor-version":[{"id":446,"href":"http:\/\/umparkour.com\/web\/wp-json\/wp\/v2\/pages\/443\/revisions\/446"}],"up":[{"embeddable":true,"href":"http:\/\/umparkour.com\/web\/wp-json\/wp\/v2\/pages\/372"}],"wp:attachment":[{"href":"http:\/\/umparkour.com\/web\/wp-json\/wp\/v2\/media?parent=443"}],"curies":[{"name":"wp","href":"https:\/\/api.w.org\/{rel}","templated":true}]}}