{"id":357,"date":"2013-10-15T20:17:45","date_gmt":"2013-10-15T18:17:45","guid":{"rendered":"http:\/\/umparkour.com\/web\/?page_id=357"},"modified":"2020-04-22T11:22:10","modified_gmt":"2020-04-22T10:22:10","slug":"que-es-el-parkour","status":"publish","type":"page","link":"http:\/\/umparkour.com\/web\/que-es-el-parkour\/","title":{"rendered":"\u00bfQu\u00e9 es el parkour?"},"content":{"rendered":"<p><span style=\"color: #000000;\"><b>El parkour es ante todo una actividad f\u00edsica centrada en la capacidad motriz del individuo.<\/b><\/span> Desarrollado por un grupo de j\u00f3venes en distintos barrios del extrarradio Parisino y basados en distintas metodolog\u00edas de entrenamiento adaptadas a sus circunstancias vitales y la b\u00fasqueda de desaf\u00edos en su propio entorno, trata de convertir al que lo practica en una persona fuerte y \u00fatil desarrollando su capacidad de trasladarse, moverse e interactuar con la sola ayuda de su cuerpo en el medio o terreno en el que se encuentre adapt\u00e1ndose a las exigencias del mismo. <span style=\"color: #000000;\"><b>Se trata del desarrollo completo de uno mismo a trav\u00e9s del entrenamiento, movimiento, desaf\u00edos y cooperaci\u00f3n entre iguales para crecer tanto individualmente como en sociedad.<\/b><\/span> Cabe decir tambi\u00e9n que <span style=\"color: #000000;\"><b>el parkour, en su origen, nace como una actividad no competitiva.<\/b><\/span><\/p>\n<p>El parkour tambi\u00e9n es conocido como <span style=\"color: #000000;\"><b>el arte del desplazamiento<\/b><\/span> (ADD) o <span style=\"color: #000000;\"><b>freerunning<\/b><\/span> (FR) y es cada persona la que decide hasta qu\u00e9 punto involucrarse en su entrenamiento y c\u00f3mo enfocarlo. Ah\u00ed podr\u00edamos distinguir entre distintos tipos de entrenamiento del propio movimiento dependiendo del objetivo de cada cual. M\u00e1s centrado en el juego con los obst\u00e1culos, en la eficiencia, en la consecuci\u00f3n de objetivos, etc. Es de esa forma que aun viniendo cada movimiento (pk\/add\/fr) de la misma ra\u00edz, estos matices han ido diferenciando cada una de ellas creando distintas corrientes del mismo arte centrado en el movimiento.<\/p>\n<p>Muchas veces se tacha al parkour de una actividad peligrosa o extrema que reta al traceur, quien practica parkour, a empujar su capacidad hasta el l\u00edmite. <span style=\"color: #000000;\"><b>Sin embargo y lejos de lo que se pueda apreciar desde fuera, no es necesario el trepar por tejados, saltar distancias abismales o arriesgar en cada salto para practicar parkour<\/b><\/span>. Una de las m\u00e1ximas del traceur es el estar seguro antes de cada reto planteado y prepararse concienzudamente para ello creando as\u00ed un <span style=\"color: #000000;\"><b>v\u00ednculo de equilibrio entre cuerpo y mente <\/b><\/span>que le ayude a avanzar con paso firme.<\/p>\n<p>Es por ello que <span style=\"color: #000000;\"><b>esta actividad es apta para todo tipo de personas<\/b><\/span> indistintamente de su edad, g\u00e9nero, forma f\u00edsica o cualquier otro <i>h\u00e1ndicap<\/i> creado por la sociedad. Cada uno trabaja con su cuerpo, con sus posibilidades, y lleva su entrenamiento tan lejos como quiera llevarlo. Si te sientes mayor, <span style=\"color: #000000;\"><b>el parkour puede ayudarte<\/b><\/span> a <i>rejuvenecer<\/i> convirti\u00e9ndote en una persona m\u00e1s din\u00e1mica, \u00e1gil y devolvi\u00e9ndote la mirada de un ni\u00f1o que ve cualquier terreno como un patio de recreo. <span style=\"color: #000000;\"><b>Si no est\u00e1s en forma, el parkour puede ayudarte a estarlo<\/b><\/span> y a mantener un entrenamiento f\u00edsico constante y totalmente funcional.<\/p>\n<p>A nivel de entrenamiento, cabe decir tambi\u00e9n, la condici\u00f3n f\u00edsica se convierte en algo vital para poder desarrollar y crecer en la disciplina.<span style=\"color: #000000;\"> <b>Es necesario un correcto acondicionamiento para proteger y preparar el cuerpo para los saltos y recepciones de todo tipo de movimientos<\/b>.<\/span> De esta forma tambi\u00e9n se pueden prevenir lesiones de cualquier tipo debido a las exigencias de la pr\u00e1ctica continuada. Entonces, el practicante debe estar siempre en continua evoluci\u00f3n y mejora de su estado de forma as\u00ed como de su coordinaci\u00f3n, flexibilidad, agilidad\u2026<\/p>\n<p>Al comienzo de la pr\u00e1ctica es importante entrenar las t\u00e9cnicas desarrolladas intentando asimilarlas correctamente, momento en el cual se convertir\u00e1n en un reflejo natural (gesto deportivo).<\/p>\n<p>La belleza de un movimiento consiste en que este sea puro, es decir, que no aparezca como algo artificial y buscado\u2026<\/p>\n<p>Como \u00faltimo punto <span style=\"color: #000000;\"><b>destacar la filosof\u00eda y valores que entra\u00f1a el ADD. El esp\u00edritu de superaci\u00f3n, la hermandad y ayuda entre los practicantes, la humildad, el respeto y el coraje de seguir siempre hacia delante en la lucha por conseguir los objetivos personales tanto en el \u00e1mbito deportivo como en el personal<\/b><\/span>, son los rasgos que hacen crecer cada d\u00eda la pr\u00e1ctica del add\/parkour\/freerunning en todo el mundo.<\/p>\n<p><i>\u2013<\/i><\/p>\n<p><i>Esto es s\u00f3lo un breve resumen de lo que es el parkour desde un punto de vista objetivo. Una vez dentro (del parkour), casi cada traceur tiene su propio punto de vista, su propio m\u00e9todo de entrenamiento con sus objetivos y motivaciones personales para entrenar.<\/i><\/p>\n<p><span style=\"color: #808080;\">Dani Sampayo | <strong>www.umparkour.com<br \/>\n<\/strong><em>\u00faltima correcci\u00f3n del texto el 21\/04\/2020<\/em><strong><br \/>\n<\/strong><\/span><\/p>\n<div style=\"padding-bottom:20px; padding-top:10px;\" class=\"hupso-share-buttons\"><!-- Hupso Share Buttons - https:\/\/www.hupso.com\/share\/ --><a class=\"hupso_toolbar\" href=\"https:\/\/www.hupso.com\/share\/\"><img decoding=\"async\" src=\"http:\/\/static.hupso.com\/share\/buttons\/lang\/es\/share-small.png\" style=\"border:0px; padding-top: 5px; float:left;\" alt=\"Share Button\"\/><\/a><script type=\"text\/javascript\">var hupso_services_t=new Array(\"Twitter\",\"Facebook\",\"Google Plus\");var hupso_background_t=\"#EAF4FF\";var hupso_border_t=\"#66CCFF\";var hupso_toolbar_size_t=\"small\";var hupso_image_folder_url = \"\";var hupso_twitter_via=\"umparkour\";var hupso_url_t=\"\";var hupso_title_t=\"%C2%BFQu%C3%A9%20es%20el%20parkour%3F\";<\/script><script type=\"text\/javascript\" src=\"http:\/\/static.hupso.com\/share\/js\/share_toolbar.js\"><\/script><!-- Hupso Share Buttons --><\/div>","protected":false},"excerpt":{"rendered":"<p>El parkour es ante todo una actividad f\u00edsica centrada en la capacidad motriz del individuo. Desarrollado por un grupo de j\u00f3venes en distintos barrios del extrarradio Parisino y basados en distintas metodolog\u00edas de entrenamiento adaptadas a sus circunstancias vitales y la b\u00fasqueda de desaf\u00edos en su propio entorno, trata de convertir al que lo practica [&hellip;]<\/p>\n<div style=\"padding-bottom:20px; padding-top:10px;\" class=\"hupso-share-buttons\"><!-- Hupso Share Buttons - https:\/\/www.hupso.com\/share\/ --><a class=\"hupso_toolbar\" href=\"https:\/\/www.hupso.com\/share\/\"><img src=\"http:\/\/static.hupso.com\/share\/buttons\/lang\/es\/share-small.png\" style=\"border:0px; padding-top: 5px; float:left;\" alt=\"Share Button\"\/><\/a><script type=\"text\/javascript\">var hupso_services_t=new Array(\"Twitter\",\"Facebook\",\"Google Plus\");var hupso_background_t=\"#EAF4FF\";var hupso_border_t=\"#66CCFF\";var hupso_toolbar_size_t=\"small\";var hupso_image_folder_url = \"\";var hupso_twitter_via=\"umparkour\";var hupso_url_t=\"\";var hupso_title_t=\"%C2%BFQu%C3%A9%20es%20el%20parkour%3F\";<\/script><script type=\"text\/javascript\" src=\"http:\/\/static.hupso.com\/share\/js\/share_toolbar.js\"><\/script><!-- Hupso Share Buttons --><\/div>","protected":false},"author":1,"featured_media":0,"parent":0,"menu_order":0,"comment_status":"closed","ping_status":"closed","template":"","meta":{"footnotes":""},"class_list":["post-357","page","type-page","status-publish","hentry"],"_links":{"self":[{"href":"http:\/\/umparkour.com\/web\/wp-json\/wp\/v2\/pages\/357","targetHints":{"allow":["GET"]}}],"collection":[{"href":"http:\/\/umparkour.com\/web\/wp-json\/wp\/v2\/pages"}],"about":[{"href":"http:\/\/umparkour.com\/web\/wp-json\/wp\/v2\/types\/page"}],"author":[{"embeddable":true,"href":"http:\/\/umparkour.com\/web\/wp-json\/wp\/v2\/users\/1"}],"replies":[{"embeddable":true,"href":"http:\/\/umparkour.com\/web\/wp-json\/wp\/v2\/comments?post=357"}],"version-history":[{"count":12,"href":"http:\/\/umparkour.com\/web\/wp-json\/wp\/v2\/pages\/357\/revisions"}],"predecessor-version":[{"id":1619,"href":"http:\/\/umparkour.com\/web\/wp-json\/wp\/v2\/pages\/357\/revisions\/1619"}],"wp:attachment":[{"href":"http:\/\/umparkour.com\/web\/wp-json\/wp\/v2\/media?parent=357"}],"curies":[{"name":"wp","href":"https:\/\/api.w.org\/{rel}","templated":true}]}}