{"id":354,"date":"2013-10-15T20:14:18","date_gmt":"2013-10-15T18:14:18","guid":{"rendered":"http:\/\/umparkour.com\/web\/?page_id=354"},"modified":"2020-04-22T09:41:25","modified_gmt":"2020-04-22T08:41:25","slug":"historia","status":"publish","type":"page","link":"http:\/\/umparkour.com\/web\/historia\/","title":{"rendered":"Historia"},"content":{"rendered":"<p><span style=\"color: #000000;\"><b>INTRODUCCI\u00d3N<\/b><\/span><\/p>\n<p>Conocer los or\u00edgenes y la historia del Arte del Desplazamiento (ADD) es una labor que todo practicante en alg\u00fan momento de su trayectoria dentro de la disciplina debe plantearse. El siguiente texto tiene por objeto ofrecer una aproximaci\u00f3n a esta historia, sirviendo como punto de partida para despertar la inquietud por conocer de una manera m\u00e1s profunda los elementos que llevaron al surgimiento del Arte del Desplazamiento\/Parkour\/Freerunning. En esta tarea se tendr\u00e1n en cuenta diferentes aspectos tanto hist\u00f3ricos como sociol\u00f3gicos, con el fin de ofrecer de un modo lo m\u00e1s objetivo posible los datos que permiten revelar la identidad de esta poli\u00e9drica actividad.<\/p>\n<p><span style=\"color: #000000;\"><b>OR\u00cdGENES<\/b><\/span><\/p>\n<p>Para hablar de la historia de lo que hacemos es necesario, en primer lugar, dar un paso atr\u00e1s respecto al momento que suele situarse como el origen m\u00e1s cercano de la actividad, en torno a finales de la d\u00e9cada de los a\u00f1os ochenta del siglo pasado y detener la mirada para presentar y conocer a quienes inspiraron inicialmente el movimiento.<\/p>\n<p style=\"text-align: center;\"><a href=\"http:\/\/umparkour.com\/web\/wp-content\/uploads\/2013\/10\/raymondbelle.jpg\"><img loading=\"lazy\" decoding=\"async\" class=\"aligncenter size-full wp-image-1197\" src=\"http:\/\/umparkour.com\/web\/wp-content\/uploads\/2013\/10\/raymondbelle.jpg\" alt=\"raymondbelle\" width=\"480\" height=\"331\" srcset=\"http:\/\/umparkour.com\/web\/wp-content\/uploads\/2013\/10\/raymondbelle.jpg 480w, http:\/\/umparkour.com\/web\/wp-content\/uploads\/2013\/10\/raymondbelle-300x207.jpg 300w\" sizes=\"auto, (max-width: 480px) 100vw, 480px\" \/><\/a><span style=\"color: #999999;\"><em>Raymond Belle ejecutando un salto de altura<\/em><\/span><\/p>\n<p>Si se suele presentar a David Belle como el creador de esta disciplina, \u00e9l mismo no deja escapar la oportunidad para mencionar al que considera como el verdadero principio motor de su movimiento, su padre, Raymond Belle \u2014a su vez, t\u00edo de Ch\u00e2u y Williams Belle\u2013. Raymond Belle naci\u00f3 en 1939 en Hue, Vietnam. A ra\u00edz de la primera Guerra de Indochina fue separado de su familia y se cri\u00f3 como ni\u00f1o soldado en una escuela militar. Con el fin de la guerra fue enviado a Francia, donde permaneci\u00f3 durante un periodo de tiempo en un campo de refugiados en el que continu\u00f3 su adiestramiento militar. Una vez abandon\u00f3 el campo de refugiados se enrol\u00f3 en el cuerpo de Bomberos de Par\u00eds gracias a sus extraordinarias capacidades f\u00edsicas. Fue as\u00ed que Raymond conoci\u00f3 y explor\u00f3 el<a href=\"http:\/\/umparkour.com\/web\/metodo-natural\/\"> M\u00e9todo Natural<\/a>, implantado ya entonces como m\u00e9todo de entrenamiento de los cuerpos militares y de bomberos del Estado. Sus proezas, tanto atl\u00e9ticas como en misiones de rescate, le hicieron destacar durante las casi dos d\u00e9cadas que estuvo en el cuerpo de Bomberos, despu\u00e9s, pasar\u00eda a trabajar en la seguridad de edificios como la torre Montparnasse.<\/p>\n<p>Al igual que Raymond, algunos miembros m\u00e1s de la familia Belle consiguieron viajar e instalarse en Francia, cerca de Sarcelles. En este contexto, Raymond comienza a desarrollar sus entrenamientos de una forma m\u00e1s l\u00fadica con algunos de sus sobrinos como Ch\u00e2u, Williams, Phung y Katty Belle y tambi\u00e9n con su hijo David, a pesar de que no viv\u00eda con \u00e9l. Dej\u00e1ndoles explorar el terreno, sin ponerles l\u00edmites a la hora de buscar por d\u00f3nde caminar o trepar, invit\u00e1ndoles a retarse, respetar, conocer y jugar con el entorno y con sus propias capacidades Raymond siembre la semilla que m\u00e1s tarde David Belle usar\u00eda como inspiraci\u00f3n para su propia experiencia y desarrollo de lo que una vez separado de los Yamakasi llamar\u00eda Parkour.<\/p>\n<p style=\"text-align: center;\"><a href=\"http:\/\/umparkour.com\/web\/wp-content\/uploads\/2013\/10\/1994-Phung-Belle.jpg\"><img loading=\"lazy\" decoding=\"async\" class=\"aligncenter size-full wp-image-1195\" src=\"http:\/\/umparkour.com\/web\/wp-content\/uploads\/2013\/10\/1994-Phung-Belle.jpg\" alt=\"1994 Phung Belle\" width=\"630\" height=\"419\" srcset=\"http:\/\/umparkour.com\/web\/wp-content\/uploads\/2013\/10\/1994-Phung-Belle.jpg 630w, http:\/\/umparkour.com\/web\/wp-content\/uploads\/2013\/10\/1994-Phung-Belle-300x200.jpg 300w\" sizes=\"auto, (max-width: 630px) 100vw, 630px\" \/><\/a><span style=\"color: #999999;\"><em>Phung Belle realizando un salto en 1994 (imagen extra\u00edda de la cuenta en Facebook de Williams Belle).<\/em><\/span><\/p>\n<p>Sin embargo, el desarrollo del ADD no recay\u00f3 \u00fanicamente en la aproximaci\u00f3n a la actividad f\u00edsica y la exploraci\u00f3n que Raymond ense\u00f1\u00f3 a su hijo y sobrinos, sino que se podr\u00eda hablar de dos familias como el n\u00facleo o el germen de la disciplina. La familia Belle, en Sarcelles, y la familia Hnautra, en Evry. David fue la conexi\u00f3n entre ambas y Yann Hnautra el motor e instigador de lo que hoy conocemos como el \u00abEsprit Yamak\u00bb y fundamenta el entrenamiento y mentalidad que les hizo avanzar y desarrollar su propia metodolog\u00eda de entrenamiento, comprensi\u00f3n y experiencia del ADD.<\/p>\n<p>David Belle, como se ha comentado anteriormente, no viv\u00eda con su padre, sino que habitaba en Lisses (cerca de Evry) con su madre. All\u00ed comparte juegos, aventuras y entrenamientos con algunos miembros de la familia Hnautra, Yann y Fr\u00e9d\u00e9ric, entre otros; a la vez que visitaba a sus primos en Sarcelles. Cabe destacar, en el contexto social de la \u00e9poca, el origen caledonio de los Hnautra y que tambi\u00e9n era una familia con ra\u00edces militares, lo que podr\u00eda explicar los lazos que les unieron en un primer momento a David Belle y su conocimiento y pasi\u00f3n por la disciplina y el entrenamiento duro.<\/p>\n<p>Sarcelles en el Norte, y Evry\/Lisses en el Sur fueron los primeros campamentos base de la disciplina, en donde se establecieron las bases de lo que ser\u00eda el Arte del Desplazamiento. En el bosque, donde entrenaban Ch\u00e2u, Williams, Phung y Katty, y la ciudad, donde se encontraban David, Yann, Fr\u00e9d\u00e9ric, David Malgogne, y a los que se fueron uniendo otros hist\u00f3ricos como Laurent Piemontesi, Charles Perriere, Guylain N\u2019Guba-Boyeke, Malik Diouf, entre otros. Dos zonas completamente distintas a las que se adaptaban viajando y entrenando, aprendiendo los unos de los otros. La adaptaci\u00f3n al entorno, el juego, la exploraci\u00f3n de los l\u00edmites y la disciplina militar durante intensos entrenamientos fue lo que termin\u00f3 forjando un car\u00e1cter y una forma de entender la vida que llegado un punto les hizo dejar todo de lado para dedicarse a ello por completo.<\/p>\n<p><span style=\"color: #000000;\"><b>YAMAKASI<\/b><\/span><\/p>\n<p>En 1997 llega la primera exhibici\u00f3n de las habilidades que hab\u00edan adquirido gracias a su entrenamiento. Jean-Fran\u00e7ois Belle, hermano de David y trabajador del cuerpo de Bomberos de Par\u00eds, les pide que realicen una exhibici\u00f3n para el evento anual del parque que \u00e9l mismo organiza. Para ello, se prepar\u00f3 una coreograf\u00eda aderezada con disfraces de ninja y usando ya el nombre Yamakasi.<\/p>\n<p>Yamakasi significa <i>\u201cesp\u00edritu fuerte, cuerpo fuerte, persona fuerte\u201d. <\/i>Un t\u00e9rmino Lingala (lengua Bant\u00fa hablada en El Congo) sugerido por Guylain, que parec\u00eda asi\u00e1tico pero que era africano, por lo que dibujaba perfectamente la mezcla cultural que hab\u00eda en el grupo y adem\u00e1s representaba fielmente lo que pretend\u00edan alcanzar con su arte.<\/p>\n<p><a href=\"http:\/\/umparkour.com\/web\/wp-content\/uploads\/2013\/10\/yamakasi.jpg\"><img loading=\"lazy\" decoding=\"async\" class=\"aligncenter size-full wp-image-819\" src=\"http:\/\/umparkour.com\/web\/wp-content\/uploads\/2013\/10\/yamakasi.jpg\" alt=\"yamakasi\" width=\"430\" height=\"287\" srcset=\"http:\/\/umparkour.com\/web\/wp-content\/uploads\/2013\/10\/yamakasi.jpg 430w, http:\/\/umparkour.com\/web\/wp-content\/uploads\/2013\/10\/yamakasi-300x200.jpg 300w\" sizes=\"auto, (max-width: 430px) 100vw, 430px\" \/><\/a><\/p>\n<p><span style=\"color: #999999;\"><em>Formaci\u00f3n original del grupo Yamakasi. De Izquierda a derecha en la fila superior: David Belle, S\u00e9bastien Foucan, Malik Diouf, Charles Perri\u00e8re y Yann Hnautra. Abajo: Williams Belle, Guylain N&#8217;Guba Boyeke y Ch\u00e2u Belle-Dinh.<\/em><\/span><\/p>\n<p>A partir de esta primera actuaci\u00f3n les ir\u00e1n surgiendo otras oportunidades laborales, adem\u00e1s de despertar el inter\u00e9s por los medios de comunicaci\u00f3n locales, quienes les permitir\u00e1n participar en reportajes en prensa y televisi\u00f3n donde poder mostrar lo que estaban construyendo. Algo que a su vez har\u00eda que el grupo original se terminase separando por una de sus puntas de lanza; David Belle y Sebastien Foucan deciden abandonar el grupo por no estar convencidos del rumbo que estaban tomando y seguir de esa forma uno m\u00e1s personal. Adem\u00e1s de que se encontraban en momentos vitales en los que distintos trabajos o expectativas profesionales les hac\u00edan dudar sobre la dedicaci\u00f3n exclusiva al grupo de todos los miembros as\u00ed como disentir en las prioridades del mismo como tal. Es entonces cuando tiene cabida una decisi\u00f3n interna en la que los miembros deben decidir si apostar todo por vivir una <i>vida Yamakasi<\/i> y representar todos sus valores en el d\u00eda a d\u00eda y a lo largo del tiempo, o no. As\u00ed, los mayores dejaron sus trabajos y el m\u00e1s joven, Williams, abandona los estudios para dedicarse por completo a vivir por, para y de su arte. <i>El Arte del Desplazamiento.<\/i><\/p>\n<p>El grupo que salt\u00f3 a la fama estaba formado por Laurent Piemontesi, Ch\u00e2u Belle-Dinh, Guylain N`Guba-Boyeke, Williams Belle, Charles Perriere, Malik Diouf y Yann Hnautra. Estos fueron los protagonistas de la pel\u00edcula que les dar\u00eda nombre a nivel mundial a ellos y a su disciplina: <i>Yamakasi: Los samur\u00e1is de los tiempos modernos <\/i>(Luc Besson, 2001)<i>.<\/i><\/p>\n<p>Hoy en d\u00eda el grupo sigue en activo con la participaci\u00f3n de Yann, Laurent, Chau y Williams a trav\u00e9s de un proyecto denominado <i>ADD Academy<\/i> localizado en distintos pa\u00edses para difundir, transmitir el esp\u00edritu original y los valores que les ligan a la pr\u00e1ctica del Arte del Desplazamiento.<\/p>\n<p style=\"text-align: center;\"><a href=\"http:\/\/umparkour.com\/web\/wp-content\/uploads\/2013\/10\/Yamakasi_Team.jpg\"><img loading=\"lazy\" decoding=\"async\" class=\"aligncenter size-full wp-image-1193\" src=\"http:\/\/umparkour.com\/web\/wp-content\/uploads\/2013\/10\/Yamakasi_Team.jpg\" alt=\"Yamakasi_Team\" width=\"630\" height=\"411\" srcset=\"http:\/\/umparkour.com\/web\/wp-content\/uploads\/2013\/10\/Yamakasi_Team.jpg 630w, http:\/\/umparkour.com\/web\/wp-content\/uploads\/2013\/10\/Yamakasi_Team-300x196.jpg 300w\" sizes=\"auto, (max-width: 630px) 100vw, 630px\" \/><\/a><em><span style=\"color: #999999;\">Imagen del grupo Yamakasi durante la grabaci\u00f3n de la pel\u00edcula Yamakasi: Los samur\u00e1is de los tiempos modernos.<\/span><\/em><\/p>\n<p><span style=\"color: #000000;\"><b>PARKOUR<\/b><\/span><\/p>\n<p>Mientras los Yamakasi estaban envueltos en la presentaci\u00f3n medi\u00e1tica de la disciplina, ni David ni Foucan dejaron de entrenar. Al contrario, fueron acogiendo nuevos ac\u00f3litos para formar un nuevo grupo, Les Traceurs, con los que fueron grabando varios v\u00eddeos bajo distintas nomenclaturas (Les taori, La Releve) y con los que tambi\u00e9n dispusieron de oportunidades con distintos reportajes o grabaci\u00f3n de comerciales que les lanzaron a la fama mostrando sus habilidades. Aunque ahora actuaban bajo otro nombre, <i>Parkour<\/i>.<\/p>\n<p>Este nombre es una idea de un amigo de David, que se lo sugiere como una forma de apropiaci\u00f3n de lo que estaba haciendo. El t\u00e9rmino viene y est\u00e1 relacionado directamente con <i>Les parcours du combattant<\/i> del M\u00e9todo Natural. Es una forma de enraizar la disciplina de una forma m\u00e1s directa con una de sus propias inspiraciones originales motivadas en el recuerdo y homenaje de las ense\u00f1anzas de su padre y enfatizar de esa manera en la parte m\u00e1s \u00fatil y eficiente de la pr\u00e1ctica, dando as\u00ed un enfoque utilitario, de adaptaci\u00f3n al entorno y entrenamiento f\u00edsico.<\/p>\n<p style=\"text-align: center;\"><a href=\"http:\/\/umparkour.com\/web\/wp-content\/uploads\/2013\/10\/BelleBBC.jpg\"><img loading=\"lazy\" decoding=\"async\" class=\"aligncenter size-full wp-image-1196\" src=\"http:\/\/umparkour.com\/web\/wp-content\/uploads\/2013\/10\/BelleBBC.jpg\" alt=\"BelleBBC\" width=\"500\" height=\"281\" srcset=\"http:\/\/umparkour.com\/web\/wp-content\/uploads\/2013\/10\/BelleBBC.jpg 500w, http:\/\/umparkour.com\/web\/wp-content\/uploads\/2013\/10\/BelleBBC-300x169.jpg 300w\" sizes=\"auto, (max-width: 500px) 100vw, 500px\" \/><\/a><span style=\"color: #999999;\"><em>Acci\u00f3n de David Belle para el comercial Rush Hour de la BBC.<\/em><\/span><\/p>\n<p>Entre los part\u00edcipes y seguidores de este nuevo camino de David se encontraban Foucan, Stephane Vigroux, Kazuma o J\u00e9r\u00f4me Ben Aoues entre otros. \u00c9stos \u00faltimos fueron part\u00edcipes de la creaci\u00f3n en el a\u00f1o 2000 de la Asociaci\u00f3n Nacional de Parkour (Francia), presidida por Foucan y en la que David no participaba. Es en la p\u00e1gina de esta asociaci\u00f3n en la que empiezan a difundir el Parkour en internet hablando de su historia, valores e incluso mostrando una lista de movimientos con sus respectivos v\u00eddeos que tomar como base para practicar e ir superando los distintos obst\u00e1culos en el entorno en el que uno practique su <i>parcour<\/i>. Tambi\u00e9n, es aqu\u00ed donde se lee por primera vez el t\u00e9rmino Freerun usado como traducci\u00f3n de Parkour para el ingl\u00e9s.<\/p>\n<p><span style=\"color: #000000;\"><b>FREERUNNING<\/b><\/span><\/p>\n<p>Este concepto est\u00e1 asociado a Sebastien Foucan, quien en el 2003, bajo la direcci\u00f3n de Mike Christie, protagoniz\u00f3 el documental <i>Jump London <\/i>(retransmitido en Channel 4)<i>, <\/i>junto con Johan Vigroux, J\u00e9r\u00f4me Ben Aoues y aparece, en un segundo plano lesionado y sin poder participar en los saltos o recorridos, Stephane Vigroux. Este documental sirvi\u00f3 para que se terminara de asentar y expandir la disciplina en todo el mundo, sin embargo no lo hace bajo el nombre del Arte del Desplazamiento ni del Parkour, esta vez el t\u00e9rmino usado ser\u00eda el Freerunning.<\/p>\n<p style=\"text-align: center;\"><a href=\"http:\/\/umparkour.com\/web\/wp-content\/uploads\/2013\/10\/foucan-jumplondon.jpg\"><img loading=\"lazy\" decoding=\"async\" class=\"aligncenter size-full wp-image-1194\" src=\"http:\/\/umparkour.com\/web\/wp-content\/uploads\/2013\/10\/foucan-jumplondon.jpg\" alt=\"foucan jumplondon\" width=\"630\" height=\"458\" srcset=\"http:\/\/umparkour.com\/web\/wp-content\/uploads\/2013\/10\/foucan-jumplondon.jpg 630w, http:\/\/umparkour.com\/web\/wp-content\/uploads\/2013\/10\/foucan-jumplondon-300x218.jpg 300w\" sizes=\"auto, (max-width: 630px) 100vw, 630px\" \/><\/a><em><span style=\"color: #999999;\">Acci\u00f3n de Foucan durante el documental Jump London.<\/span><\/em><\/p>\n<p>El productor Guillaume Pelletier fue quien recomend\u00f3 ese cambio o adaptaci\u00f3n de la nomenclatura para ser as\u00ed m\u00e1s comprensible para los televidentes angloparlantes, para quienes iba dirigido el documental de forma principal. En el documental se usa el Freerunning como sin\u00f3nimo de Parkour, sin embargo al centrarse \u00fanicamente en sus protagonistas y no mostrar el trabajo o historia detr\u00e1s del mismo de los Yamakasi o David Belle en Francia, vali\u00f3 como trampol\u00edn para las aspiraciones profesionales de Foucan y termin\u00f3 adopt\u00e1ndolo como algo propio con lo que marcar su camino personal una vez pasadas sus etapas con el ADD y el Parkour.<\/p>\n<p><span style=\"color: #000000;\"><b>EXPANSI\u00d3N Y DIFUSI\u00d3N MUNDIAL<\/b><\/span><\/p>\n<p>Tal y como se ha planteado, con la pel\u00edcula <i>Yamakasi: Los samur\u00e1is de los tiempos modernos <\/i>y con el documental <i>Jump London, <\/i>la disciplina empieza a tomar forma y ser reconocida en todo el globo. Esto coincide, adem\u00e1s, con la difusi\u00f3n masiva en internet, donde surgen distintas p\u00e1ginas webs, foros de discusi\u00f3n y el boom de redes sociales audiovisuales como Dailymotion primero y Youtube m\u00e1s tarde. Practicantes de todo el mundo empiezan a tomar conciencia de lo que hab\u00edan visto en la televisi\u00f3n y deciden participar de forma directa en la difusi\u00f3n de todo tipo de material relacionado con el Parkour\/Freerunning\/Arte del Desplazamiento. Sin embargo, debido a la falta de una postura com\u00fan en torno a la disciplina propiciada por la problem\u00e1tica relativa a la triple nomenclatura, en parte, comienza a haber una distorsi\u00f3n o diferentes enfoques de la disciplina y sus or\u00edgenes o significado, ya que los que deb\u00edan ser los protagonistas y dar forma a lo que hab\u00edan creado estaban ausentes desarrollando sus proyectos personales mientras eran las nuevas generaciones que iban surgiendo en cada pa\u00eds quienes adoptaron de forma voluntaria esa labor de difusi\u00f3n con el d\u00e9ficit que ello supuso, y supone a\u00fan hoy en d\u00eda, para la comprensi\u00f3n y asimilaci\u00f3n de lo que se forj\u00f3 en Sarcelles, Evry y Lisses.<\/p>\n<p>Debe, entonces, comprenderse bien, que ya se llame Parkour, Freeruning o ADD, se est\u00e1 hablando de un mismo concepto, tal y como recuerdan David Belle (<a href=\"http:\/\/downloads.newyorker.com\/downloads\/Parkour.m4v\"><i>durante un evento en Nueva York<\/i><\/a>), Stephane Vigroux (<a href=\"https:\/\/www.youtube.com\/watch?v=cxaAzLdhKxU\"><i>para una entrevista de Craig Pentak<\/i><\/a>) o Ch\u00e2u Belle (<a href=\"https:\/\/www.youtube.com\/watch?v=cfm_xUV2xkI\"><i>durante el evento Rendevouz II<\/i><\/a>) en diversos medios; pero donde, sin embargo, existe una diferencia en tanto que fueron conceptos creados en diferentes momentos de la trayectoria individual de cada miembro de ese grupo inicial.<\/p>\n<p><span style=\"color: #808080;\">&#8211;<br \/>\nArt\u00edculo de Dani Sampayo y Carlos Javier Ferrero para\u00a0 <strong>www.umparkour.com<br \/>\n<\/strong><em>\u00faltima correcci\u00f3n del texto el 21\/04\/2020<\/em><strong><br \/>\n<\/strong><\/span><\/p>\n<div style=\"padding-bottom:20px; padding-top:10px;\" class=\"hupso-share-buttons\"><!-- Hupso Share Buttons - https:\/\/www.hupso.com\/share\/ --><a class=\"hupso_toolbar\" href=\"https:\/\/www.hupso.com\/share\/\"><img decoding=\"async\" src=\"http:\/\/static.hupso.com\/share\/buttons\/lang\/es\/share-small.png\" style=\"border:0px; padding-top: 5px; float:left;\" alt=\"Share Button\"\/><\/a><script type=\"text\/javascript\">var hupso_services_t=new Array(\"Twitter\",\"Facebook\",\"Google Plus\");var hupso_background_t=\"#EAF4FF\";var hupso_border_t=\"#66CCFF\";var hupso_toolbar_size_t=\"small\";var hupso_image_folder_url = \"\";var hupso_twitter_via=\"umparkour\";var hupso_url_t=\"\";var hupso_title_t=\"Historia\";<\/script><script type=\"text\/javascript\" src=\"http:\/\/static.hupso.com\/share\/js\/share_toolbar.js\"><\/script><!-- Hupso Share Buttons --><\/div>","protected":false},"excerpt":{"rendered":"<p>INTRODUCCI\u00d3N Conocer los or\u00edgenes y la historia del Arte del Desplazamiento (ADD) es una labor que todo practicante en alg\u00fan momento de su trayectoria dentro de la disciplina debe plantearse. El siguiente texto tiene por objeto ofrecer una aproximaci\u00f3n a esta historia, sirviendo como punto de partida para despertar la inquietud por conocer de una [&hellip;]<\/p>\n<div style=\"padding-bottom:20px; padding-top:10px;\" class=\"hupso-share-buttons\"><!-- Hupso Share Buttons - https:\/\/www.hupso.com\/share\/ --><a class=\"hupso_toolbar\" href=\"https:\/\/www.hupso.com\/share\/\"><img src=\"http:\/\/static.hupso.com\/share\/buttons\/lang\/es\/share-small.png\" style=\"border:0px; padding-top: 5px; float:left;\" alt=\"Share Button\"\/><\/a><script type=\"text\/javascript\">var hupso_services_t=new Array(\"Twitter\",\"Facebook\",\"Google Plus\");var hupso_background_t=\"#EAF4FF\";var hupso_border_t=\"#66CCFF\";var hupso_toolbar_size_t=\"small\";var hupso_image_folder_url = \"\";var hupso_twitter_via=\"umparkour\";var hupso_url_t=\"\";var hupso_title_t=\"Historia\";<\/script><script type=\"text\/javascript\" src=\"http:\/\/static.hupso.com\/share\/js\/share_toolbar.js\"><\/script><!-- Hupso Share Buttons --><\/div>","protected":false},"author":1,"featured_media":0,"parent":0,"menu_order":0,"comment_status":"closed","ping_status":"closed","template":"","meta":{"footnotes":""},"class_list":["post-354","page","type-page","status-publish","hentry"],"_links":{"self":[{"href":"http:\/\/umparkour.com\/web\/wp-json\/wp\/v2\/pages\/354","targetHints":{"allow":["GET"]}}],"collection":[{"href":"http:\/\/umparkour.com\/web\/wp-json\/wp\/v2\/pages"}],"about":[{"href":"http:\/\/umparkour.com\/web\/wp-json\/wp\/v2\/types\/page"}],"author":[{"embeddable":true,"href":"http:\/\/umparkour.com\/web\/wp-json\/wp\/v2\/users\/1"}],"replies":[{"embeddable":true,"href":"http:\/\/umparkour.com\/web\/wp-json\/wp\/v2\/comments?post=354"}],"version-history":[{"count":11,"href":"http:\/\/umparkour.com\/web\/wp-json\/wp\/v2\/pages\/354\/revisions"}],"predecessor-version":[{"id":1616,"href":"http:\/\/umparkour.com\/web\/wp-json\/wp\/v2\/pages\/354\/revisions\/1616"}],"wp:attachment":[{"href":"http:\/\/umparkour.com\/web\/wp-json\/wp\/v2\/media?parent=354"}],"curies":[{"name":"wp","href":"https:\/\/api.w.org\/{rel}","templated":true}]}}