{"id":161,"date":"2012-10-09T20:46:02","date_gmt":"2012-10-09T19:46:02","guid":{"rendered":"http:\/\/umparkour.com\/web\/?page_id=161"},"modified":"2017-12-30T15:47:48","modified_gmt":"2017-12-30T14:47:48","slug":"contacta","status":"publish","type":"page","link":"http:\/\/umparkour.com\/web\/contacta\/","title":{"rendered":"CONTACTA"},"content":{"rendered":"<p>&nbsp;<\/p>\n<p>Para contactar puedes escribir un corre<strong><\/strong>o a <a href=\"mailto:draug@umparkour.com\" target=\"_blank\">draug@umparkour.com<\/a> a la atenci\u00f3n de Dani Sampayo.<\/p>\n<p>Activa desde el 2003, esta web ha servido como enlace para consultas y orientaci\u00f3n de la disciplina tanto desde dentro como fuera del parkour. Se ha participado en todo tipo de acciones enfocadas al uso del parkour dentro del mundo de la educaci\u00f3n, deportiva y escolar, con talleres, seminarios, preparaci\u00f3n de unidades did\u00e1cticas, entrenamientos dirigidos, etc. Una ense\u00f1anza y difusi\u00f3n tambi\u00e9n en la l\u00ednea de los actos sociales de ayuda e integraci\u00f3n a trav\u00e9s del deporte dirigidos a todo tipo de colectivos.<\/p>\n<p>La web tambi\u00e9n sirve como ayuda para buscar, generar y facilitar contactos dentro del mundo del parkour.<\/p>\n<p><strong><div id=\"adm-contact\">\n<form action=\"http:\/\/umparkour.com\/web\/contacta\/\/#adm-contact\" id=\"contact-form\">\n<p><span class=\"label\">Name <\/span><input type=\"text\" name=\"hname\" id=\"hname\" value=\"\" \/><span class=\"req\"> *<\/span><\/p>\n<p><span class=\"label\">E-mail <\/span><input type=\"text\" name=\"hmail\" id=\"hmail\" value=\"\" \/><span class=\"req\"> *<\/span><\/p>\n<p><span class=\"label\">Subject <\/span><input type=\"text\" name=\"hsubj\" id=\"hsubj\" value=\"\" \/><span class=\"req\"> *<\/span><\/p>\n<p style=\"vertical-align: top;\"><span class=\"label\">Message <\/span><textarea name=\"hmess\" id=\"hmess\" rows=\"2\" cols=\"2\" ><\/textarea><span class=\"req\"> *<\/span><\/p>\n<p><span class=\"label\">&nbsp;<\/span><input type=\"submit\" name=\"submit\" id=\"contact_submit\" class=\"button\" value=\"Send Message\" \/><input type=\"hidden\" name=\"urlto\" id=\"urlto\" value=\"http:\/\/umparkour.com\/web\" \/><span class=\"contactload\" style=\"display: none;\">Please wait..<\/span><\/p>\n<div class=\"clear\"><\/div>\n<\/form><\/div>\n<\/strong><\/p>\n<p>&nbsp;<\/p>\n","protected":false},"excerpt":{"rendered":"<p>&nbsp; Para contactar puedes escribir un correo a draug@umparkour.com a la atenci\u00f3n de Dani Sampayo. Activa desde el 2003, esta web ha servido como enlace para consultas y orientaci\u00f3n de la disciplina tanto desde dentro como fuera del parkour. Se ha participado en todo tipo de acciones enfocadas al uso del parkour dentro del mundo [&hellip;]<\/p>\n","protected":false},"author":1,"featured_media":0,"parent":0,"menu_order":0,"comment_status":"closed","ping_status":"closed","template":"","meta":{"footnotes":""},"class_list":["post-161","page","type-page","status-publish","hentry"],"_links":{"self":[{"href":"http:\/\/umparkour.com\/web\/wp-json\/wp\/v2\/pages\/161","targetHints":{"allow":["GET"]}}],"collection":[{"href":"http:\/\/umparkour.com\/web\/wp-json\/wp\/v2\/pages"}],"about":[{"href":"http:\/\/umparkour.com\/web\/wp-json\/wp\/v2\/types\/page"}],"author":[{"embeddable":true,"href":"http:\/\/umparkour.com\/web\/wp-json\/wp\/v2\/users\/1"}],"replies":[{"embeddable":true,"href":"http:\/\/umparkour.com\/web\/wp-json\/wp\/v2\/comments?post=161"}],"version-history":[{"count":17,"href":"http:\/\/umparkour.com\/web\/wp-json\/wp\/v2\/pages\/161\/revisions"}],"predecessor-version":[{"id":1516,"href":"http:\/\/umparkour.com\/web\/wp-json\/wp\/v2\/pages\/161\/revisions\/1516"}],"wp:attachment":[{"href":"http:\/\/umparkour.com\/web\/wp-json\/wp\/v2\/media?parent=161"}],"curies":[{"name":"wp","href":"https:\/\/api.w.org\/{rel}","templated":true}]}}