{"id":1571,"date":"2019-01-07T14:10:26","date_gmt":"2019-01-07T13:10:26","guid":{"rendered":"http:\/\/umparkour.com\/web\/?page_id=1571"},"modified":"2021-01-29T19:02:32","modified_gmt":"2021-01-29T18:02:32","slug":"episteme-parkour","status":"publish","type":"page","link":"http:\/\/umparkour.com\/web\/episteme-parkour\/","title":{"rendered":"Episteme Parkour"},"content":{"rendered":"\n<figure class=\"wp-block-image\"><img loading=\"lazy\" decoding=\"async\" width=\"1024\" height=\"384\" src=\"http:\/\/umparkour.com\/web\/wp-content\/uploads\/2019\/01\/episteme-1024x384.png\" alt=\"\" class=\"wp-image-1577\" srcset=\"http:\/\/umparkour.com\/web\/wp-content\/uploads\/2019\/01\/episteme-1024x384.png 1024w, http:\/\/umparkour.com\/web\/wp-content\/uploads\/2019\/01\/episteme-300x113.png 300w, http:\/\/umparkour.com\/web\/wp-content\/uploads\/2019\/01\/episteme-768x288.png 768w, http:\/\/umparkour.com\/web\/wp-content\/uploads\/2019\/01\/episteme.png 1349w\" sizes=\"auto, (max-width: 1024px) 100vw, 1024px\" \/><\/figure>\n\n\n\n<h5 class=\"wp-block-heading\">Episteme Parkour es un repositorio web de consulta  de publicaciones cient\u00edficas y acad\u00e9micas relacionadas con el Parkour y  el Arte del Desplazamiento, clasificadas en los diferentes \u00e1mbitos del  conocimiento. <\/h5>\n\n\n\n<p>Puedes acceder a la p\u00e1gina con todo su contenido desde este enlace:<br \/><a href=\"https:\/\/www.epistemeparkour.com\/\" target=\"_blank\" rel=\"noreferrer noopener\" aria-label=\"\n https:\/\/www.epistemeparkour.com\/  (abre en una nueva pesta\u00f1a)\"><br \/> https:\/\/www.epistemeparkour.com\/ <\/a><br \/><\/p>\n\n\n\n<p>\nEn la web encontrar\u00e1s art\u00edculos clasificados en las siguientes \u00e1reas:\n\n<\/p>\n\n\n\n<p>&#8211; Ciencias de la Educaci\u00f3n<br \/>&#8211; Humanidades y Ciencias Sociales<br \/>&#8211; Ciencias de la Salud<br \/>&#8211; Ciencias Econ\u00f3micas, Ingenier\u00eda y Arquitectura<br \/>&#8211; Otras publicaciones <\/p>\n\n\n\n<p><\/p>\n\n\n\n<p>Informaci\u00f3n sobre el autor de la web:<br \/><\/p>\n\n\n\n<blockquote class=\"wp-block-quote is-layout-flow wp-block-quote-is-layout-flow\"><p> Mi nombre es Roberto Miranda, graduado en Ciencias de la Actividad  F\u00edsica y del Deporte y T\u00e9cnico Superior en Animaci\u00f3n de Actividades  F\u00edsicas y Deportivas. Episteme Parkour nace de la voluntad de aunar mis  estudios con mi mayor pasi\u00f3n, la pr\u00e1ctica de parkour, la cual realizo  desde el a\u00f1o 2009. <em>  <\/em> <br \/> <\/p><p><em>Mediante este repositorio de parkour pretendo fomentar el pensamiento  cient\u00edfico acerca de esta disciplina para brindar a \u00e9sta la posibilidad  de una mejor difusi\u00f3n y un correcto desarrollo en cualquiera de los  \u00e1mbitos en los que tiene cabida.<\/em><br \/> <\/p><\/blockquote>\n\n\n\n<p>Contacta con Roberto desde este enlace: <a href=\"https:\/\/epistemeparkour.wixsite.com\/epistemeparkour\/contacto\" target=\"_blank\" rel=\"noreferrer noopener\" aria-label=\"Contacto Episteme Parkour (abre en una nueva pesta\u00f1a)\">Contacto Episteme Parkour<\/a><br \/><\/p>\n\n\n\n<h5 class=\"wp-block-heading\"><br \/><\/h5>\n\n\n\n<p><br \/><\/p>\n<div style=\"padding-bottom:20px; padding-top:10px;\" class=\"hupso-share-buttons\"><!-- Hupso Share Buttons - https:\/\/www.hupso.com\/share\/ --><a class=\"hupso_toolbar\" href=\"https:\/\/www.hupso.com\/share\/\"><img decoding=\"async\" src=\"http:\/\/static.hupso.com\/share\/buttons\/lang\/es\/share-small.png\" style=\"border:0px; padding-top: 5px; float:left;\" alt=\"Share Button\"\/><\/a><script type=\"text\/javascript\">var hupso_services_t=new Array(\"Twitter\",\"Facebook\",\"Google Plus\");var hupso_background_t=\"#EAF4FF\";var hupso_border_t=\"#66CCFF\";var hupso_toolbar_size_t=\"small\";var hupso_image_folder_url = \"\";var hupso_twitter_via=\"umparkour\";var hupso_url_t=\"\";var hupso_title_t=\"Episteme%20Parkour\";<\/script><script type=\"text\/javascript\" src=\"http:\/\/static.hupso.com\/share\/js\/share_toolbar.js\"><\/script><!-- Hupso Share Buttons --><\/div>","protected":false},"excerpt":{"rendered":"<p>Episteme Parkour es un repositorio web de consulta de publicaciones cient\u00edficas y acad\u00e9micas relacionadas con el Parkour y el Arte del Desplazamiento, clasificadas en los diferentes \u00e1mbitos del conocimiento. Puedes acceder a la p\u00e1gina con todo su contenido desde este enlace: https:\/\/www.epistemeparkour.com\/ En la web encontrar\u00e1s art\u00edculos clasificados en las siguientes \u00e1reas: &#8211; Ciencias de [&hellip;]<\/p>\n<div style=\"padding-bottom:20px; padding-top:10px;\" class=\"hupso-share-buttons\"><!-- Hupso Share Buttons - https:\/\/www.hupso.com\/share\/ --><a class=\"hupso_toolbar\" href=\"https:\/\/www.hupso.com\/share\/\"><img src=\"http:\/\/static.hupso.com\/share\/buttons\/lang\/es\/share-small.png\" style=\"border:0px; padding-top: 5px; float:left;\" alt=\"Share Button\"\/><\/a><script type=\"text\/javascript\">var hupso_services_t=new Array(\"Twitter\",\"Facebook\",\"Google Plus\");var hupso_background_t=\"#EAF4FF\";var hupso_border_t=\"#66CCFF\";var hupso_toolbar_size_t=\"small\";var hupso_image_folder_url = \"\";var hupso_twitter_via=\"umparkour\";var hupso_url_t=\"\";var hupso_title_t=\"Episteme%20Parkour\";<\/script><script type=\"text\/javascript\" src=\"http:\/\/static.hupso.com\/share\/js\/share_toolbar.js\"><\/script><!-- Hupso Share Buttons --><\/div>","protected":false},"author":1,"featured_media":0,"parent":0,"menu_order":0,"comment_status":"closed","ping_status":"closed","template":"","meta":{"footnotes":""},"class_list":["post-1571","page","type-page","status-publish","hentry"],"_links":{"self":[{"href":"http:\/\/umparkour.com\/web\/wp-json\/wp\/v2\/pages\/1571","targetHints":{"allow":["GET"]}}],"collection":[{"href":"http:\/\/umparkour.com\/web\/wp-json\/wp\/v2\/pages"}],"about":[{"href":"http:\/\/umparkour.com\/web\/wp-json\/wp\/v2\/types\/page"}],"author":[{"embeddable":true,"href":"http:\/\/umparkour.com\/web\/wp-json\/wp\/v2\/users\/1"}],"replies":[{"embeddable":true,"href":"http:\/\/umparkour.com\/web\/wp-json\/wp\/v2\/comments?post=1571"}],"version-history":[{"count":9,"href":"http:\/\/umparkour.com\/web\/wp-json\/wp\/v2\/pages\/1571\/revisions"}],"predecessor-version":[{"id":1632,"href":"http:\/\/umparkour.com\/web\/wp-json\/wp\/v2\/pages\/1571\/revisions\/1632"}],"wp:attachment":[{"href":"http:\/\/umparkour.com\/web\/wp-json\/wp\/v2\/media?parent=1571"}],"curies":[{"name":"wp","href":"https:\/\/api.w.org\/{rel}","templated":true}]}}