{"id":1101,"date":"2014-06-19T16:37:06","date_gmt":"2014-06-19T15:37:06","guid":{"rendered":"http:\/\/umparkour.com\/web\/?page_id=1101"},"modified":"2014-06-20T12:42:15","modified_gmt":"2014-06-20T11:42:15","slug":"eje-cronologico-de-la-historia-del-parkour-1986-2004","status":"publish","type":"page","link":"http:\/\/umparkour.com\/web\/parkour\/eje-cronologico-de-la-historia-del-parkour-1986-2004\/","title":{"rendered":"Eje cronol\u00f3gico de la historia del parkour (1986-2004)"},"content":{"rendered":"<p><a href=\"http:\/\/umparkour.com\/web\/wp-content\/uploads\/2014\/06\/timeline2.jpg\"><img loading=\"lazy\" decoding=\"async\" class=\"aligncenter wp-image-1107 size-full\" src=\"http:\/\/umparkour.com\/web\/wp-content\/uploads\/2014\/06\/timeline2.jpg\" alt=\"\" width=\"630\" height=\"2300\" srcset=\"http:\/\/umparkour.com\/web\/wp-content\/uploads\/2014\/06\/timeline2.jpg 630w, http:\/\/umparkour.com\/web\/wp-content\/uploads\/2014\/06\/timeline2-82x300.jpg 82w\" sizes=\"auto, (max-width: 630px) 100vw, 630px\" \/><\/a><span class=\"null\">Este trabajo es una traducci\u00f3n de www.umparkour.com del ap\u00e9ndice 3 de la tesis doctoral de Julie Angel, <em>Cin\u00e9 Parkour<\/em>. En dicha tesis, podemos encontrar parte de la historia y esencia de los comienzos de la disciplina a trav\u00e9s de la investigaci\u00f3n que la propia Julie efectu\u00f3 conociendo y entrevistando a los protagonistas de los primeros pasos. De esta forma se ofrece un poco m\u00e1s de claridad a los acontecimientos iniciales, a veces tan discutidos, del nacimiento del <em>Arte del Desplazamiento<\/em>.<\/span><\/p>\n<p>Documento cedido por Julie Angel a la web www.umparkour.com<br \/>\nPuedes encontrar la tesis de J. Angel \u00abCin\u00e9 Parkour\u00bb aqu\u00ed: <strong><span style=\"color: #000000;\"><a href=\"http:\/\/julieangel.com\/books\/\" target=\"_blank\"><span style=\"color: #000000;\">http:\/\/julieangel.com\/books\/<\/span><\/a><\/span><\/strong><\/p>\n<div style=\"padding-bottom:20px; padding-top:10px;\" class=\"hupso-share-buttons\"><!-- Hupso Share Buttons - https:\/\/www.hupso.com\/share\/ --><a class=\"hupso_toolbar\" href=\"https:\/\/www.hupso.com\/share\/\"><img decoding=\"async\" src=\"http:\/\/static.hupso.com\/share\/buttons\/lang\/es\/share-small.png\" style=\"border:0px; padding-top: 5px; float:left;\" alt=\"Share Button\"\/><\/a><script type=\"text\/javascript\">var hupso_services_t=new Array(\"Twitter\",\"Facebook\",\"Google Plus\");var hupso_background_t=\"#EAF4FF\";var hupso_border_t=\"#66CCFF\";var hupso_toolbar_size_t=\"small\";var hupso_image_folder_url = \"\";var hupso_twitter_via=\"umparkour\";var hupso_url_t=\"\";var hupso_title_t=\"Eje%20cronol%C3%B3gico%20de%20la%20historia%20del%20parkour%20%281986-2004%29\";<\/script><script type=\"text\/javascript\" src=\"http:\/\/static.hupso.com\/share\/js\/share_toolbar.js\"><\/script><!-- Hupso Share Buttons --><\/div>","protected":false},"excerpt":{"rendered":"<p>Este trabajo es una traducci\u00f3n de www.umparkour.com del ap\u00e9ndice 3 de la tesis doctoral de Julie Angel, Cin\u00e9 Parkour. En dicha tesis, podemos encontrar parte de la historia y esencia de los comienzos de la disciplina a trav\u00e9s de la investigaci\u00f3n que la propia Julie efectu\u00f3 conociendo y entrevistando a los protagonistas de los primeros [&hellip;]<\/p>\n<div style=\"padding-bottom:20px; padding-top:10px;\" class=\"hupso-share-buttons\"><!-- Hupso Share Buttons - https:\/\/www.hupso.com\/share\/ --><a class=\"hupso_toolbar\" href=\"https:\/\/www.hupso.com\/share\/\"><img src=\"http:\/\/static.hupso.com\/share\/buttons\/lang\/es\/share-small.png\" style=\"border:0px; padding-top: 5px; float:left;\" alt=\"Share Button\"\/><\/a><script type=\"text\/javascript\">var hupso_services_t=new Array(\"Twitter\",\"Facebook\",\"Google Plus\");var hupso_background_t=\"#EAF4FF\";var hupso_border_t=\"#66CCFF\";var hupso_toolbar_size_t=\"small\";var hupso_image_folder_url = \"\";var hupso_twitter_via=\"umparkour\";var hupso_url_t=\"\";var hupso_title_t=\"Eje%20cronol%C3%B3gico%20de%20la%20historia%20del%20parkour%20%281986-2004%29\";<\/script><script type=\"text\/javascript\" src=\"http:\/\/static.hupso.com\/share\/js\/share_toolbar.js\"><\/script><!-- Hupso Share Buttons --><\/div>","protected":false},"author":1,"featured_media":0,"parent":402,"menu_order":0,"comment_status":"closed","ping_status":"open","template":"","meta":{"footnotes":""},"class_list":["post-1101","page","type-page","status-publish","hentry"],"_links":{"self":[{"href":"http:\/\/umparkour.com\/web\/wp-json\/wp\/v2\/pages\/1101","targetHints":{"allow":["GET"]}}],"collection":[{"href":"http:\/\/umparkour.com\/web\/wp-json\/wp\/v2\/pages"}],"about":[{"href":"http:\/\/umparkour.com\/web\/wp-json\/wp\/v2\/types\/page"}],"author":[{"embeddable":true,"href":"http:\/\/umparkour.com\/web\/wp-json\/wp\/v2\/users\/1"}],"replies":[{"embeddable":true,"href":"http:\/\/umparkour.com\/web\/wp-json\/wp\/v2\/comments?post=1101"}],"version-history":[{"count":4,"href":"http:\/\/umparkour.com\/web\/wp-json\/wp\/v2\/pages\/1101\/revisions"}],"predecessor-version":[{"id":1109,"href":"http:\/\/umparkour.com\/web\/wp-json\/wp\/v2\/pages\/1101\/revisions\/1109"}],"up":[{"embeddable":true,"href":"http:\/\/umparkour.com\/web\/wp-json\/wp\/v2\/pages\/402"}],"wp:attachment":[{"href":"http:\/\/umparkour.com\/web\/wp-json\/wp\/v2\/media?parent=1101"}],"curies":[{"name":"wp","href":"https:\/\/api.w.org\/{rel}","templated":true}]}}